{"id":4,"date":"2022-10-15T13:00:42","date_gmt":"2022-10-15T13:00:42","guid":{"rendered":"http:\/\/orthopedagogue.eu\/?page_id=4"},"modified":"2025-09-25T08:16:21","modified_gmt":"2025-09-25T08:16:21","slug":"4-2","status":"publish","type":"page","link":"https:\/\/orthopedagogue.eu\/","title":{"rendered":"Accueil"},"content":{"rendered":"\n<div class=\"inherit-container-width wp-block-group alignfull has-ast-global-color-5-background-color has-background is-layout-constrained wp-block-group-is-layout-constrained\">\n<div class=\"wp-block-cover alignwide is-light\" style=\"min-height:383px;aspect-ratio:unset;\"><img loading=\"lazy\" decoding=\"async\" width=\"1024\" height=\"1024\" class=\"wp-block-cover__image-background wp-image-185\" alt=\"\" src=\"https:\/\/orthopedagogue.eu\/wp-content\/uploads\/2022\/11\/iStock-1193200192-2-1024x1024-1.gif\" data-object-fit=\"cover\"\/><span aria-hidden=\"true\" class=\"wp-block-cover__background has-background-dim-0 has-background-dim\"><\/span><div class=\"wp-block-cover__inner-container is-layout-flow wp-block-cover-is-layout-flow\">\n<h1 class=\"wp-block-heading has-luminous-vivid-orange-color has-text-color\" style=\"font-style:normal;font-weight:100\"><strong>Orthop\u00e9dagogue<\/strong><\/h1>\n\n\n\n<h2 class=\"wp-block-heading has-luminous-vivid-orange-color has-text-color\" style=\"font-style:normal;font-weight:600\">Enfants, adolescents, adultes<\/h2>\n\n\n\n<h1 class=\"wp-block-heading has-white-color has-text-color\" style=\"font-style:normal;font-weight:500\">Apprendre \u00e0 apprendre<\/h1>\n<\/div><\/div>\n\n\n\n<p><\/p>\n\n\n\n<h2 class=\"wp-block-heading has-text-align-center has-luminous-vivid-orange-color has-text-color\">Bienvenue sur mon site,<br> je suis Christelle FIRMIS.<br>J&rsquo;accompagne votre fils, fille ou vous-m\u00eame:<br>m\u00e9thodes de travail, strat\u00e9gies d&rsquo;apprentissage, <br>rem\u00e9diation, soutien \u00e0 la compr\u00e9hension par mati\u00e8re.<\/h2>\n\n\n\n<h2 class=\"wp-block-heading has-text-align-center has-luminous-vivid-orange-color has-text-color\"><br><\/h2>\n\n\n\n<p><\/p>\n\n\n\n<h2 class=\"wp-block-heading has-text-align-center has-luminous-vivid-orange-color has-text-color\">M\u00e9thodologie et organisation des apprentissages,<br>Accompagnement scolaire,<br>Coaching \u00e9tudiant post-bac, <br>Travailler sur la motivation et la pers\u00e9v\u00e9rance.<br><br>Prises en charge sp\u00e9cifiques des HPI (Hauts Potentiels Intellectuels homog\u00e8nes ou h\u00e9t\u00e9rog\u00e8nes), \u00ab dys \u00bb , multi-dys et TDA.H (troubles de l\u2019attention avec ou sans hyperactivit\u00e9)<\/h2>\n\n\n\n<h4 class=\"wp-block-heading has-text-align-center has-ast-global-color-0-color has-white-background-color has-text-color has-background\">Je leur apprends \u00e0 :<br>Mieux se concentrer<br>Mieux m\u00e9moriser<br>Comprendre et r\u00e9fl\u00e9chir<br>D\u00e9couvrir et utiliser leurs potentiels<br>Comprendre et entretenir leur motivation<br>Apprivoiser leur stress, anxi\u00e9t\u00e9 scolaire, angoisse de performance<br><br><br>Suivis individuels et petits groupes<br> <br><mark style=\"background-color:rgba(0, 0, 0, 0)\" class=\"has-inline-color has-ast-global-color-0-color\">pr\u00e9sentiel et distanciel<\/mark><br><br>primaire\u2022 secondaire\u2022 post-bac<br><\/h4>\n\n\n\n<h3 class=\"wp-block-heading has-text-align-center has-luminous-vivid-orange-color has-white-background-color has-text-color has-background\" style=\"font-style:normal;font-weight:600;text-transform:uppercase\">Christelle Firmis &#8211; 06 22 54 32 10<\/h3>\n\n\n\n<h2 class=\"wp-block-heading has-text-align-center has-luminous-vivid-orange-color has-text-color\"><strong>Apprendre \u00e0 apprendre !<\/strong><\/h2>\n<\/div>\n\n\n\n<div class=\"wp-block-group is-layout-constrained wp-block-group-is-layout-constrained\">\n<div class=\"inherit-container-width wp-block-group alignfull has-ast-global-color-4-background-color has-background is-layout-constrained wp-block-group-is-layout-constrained\">\n<div class=\"inherit-container-width wp-block-group alignfull is-layout-constrained wp-block-group-is-layout-constrained\">\n<div class=\"wp-block-media-text alignfull is-stacked-on-mobile is-vertically-aligned-top\"><figure class=\"wp-block-media-text__media\"><img loading=\"lazy\" decoding=\"async\" width=\"1024\" height=\"1024\" src=\"https:\/\/orthopedagogue.eu\/wp-content\/uploads\/2022\/11\/christL.-2-1024x1024-1.jpg\" alt=\"Christelle FIRMIS\" class=\"wp-image-187 size-full\" srcset=\"https:\/\/orthopedagogue.eu\/wp-content\/uploads\/2022\/11\/christL.-2-1024x1024-1.jpg 1024w, https:\/\/orthopedagogue.eu\/wp-content\/uploads\/2022\/11\/christL.-2-1024x1024-1-300x300.jpg 300w, https:\/\/orthopedagogue.eu\/wp-content\/uploads\/2022\/11\/christL.-2-1024x1024-1-150x150.jpg 150w, https:\/\/orthopedagogue.eu\/wp-content\/uploads\/2022\/11\/christL.-2-1024x1024-1-768x768.jpg 768w\" sizes=\"auto, (max-width: 1024px) 100vw, 1024px\" \/><\/figure><div class=\"wp-block-media-text__content\">\n<div class=\"inherit-container-width wp-block-group has-ast-global-color-5-background-color has-background is-layout-constrained wp-block-group-is-layout-constrained\">\n<h2 class=\"wp-block-heading has-text-align-center has-luminous-vivid-amber-color has-text-color\" id=\"qui-suis-je\">Qui suis-je ?<\/h2>\n\n\n\n<p class=\"has-ast-global-color-0-color has-text-color\">Dipl\u00f4m\u00e9e \u2013 apr\u00e8s une scolarit\u00e9 difficile jusqu\u2019en Seconde et une pr\u00e9pa litt\u00e9raire &#8211; en Lettres modernes et en Sciences de l\u2019\u00e9ducation.<\/p>\n\n\n\n<p class=\"has-ast-global-color-0-color has-text-color\">Je suis form\u00e9e \u00e0 plusieurs p\u00e9dagogies et approches, notamment la p\u00e9dagogie de La Garanderie \u00e0 la base de ma pratique professionnelle. P\u00e9dagogie \u00e0 laquelle je forme r\u00e9guli\u00e8rement des enseignants et des orthophonistes.<\/p>\n\n\n\n<p class=\"has-ast-global-color-0-color has-text-color\">J\u2019ai commenc\u00e9 par <strong>enseigner quinze ans dans le primaire, le secondaire et le sp\u00e9cialis\u00e9 :<\/strong> bonne connaissance du syst\u00e8me scolaire, des enfants et des adolescents.<\/p>\n\n\n\n<p class=\"has-ast-global-color-0-color has-text-color\">Puis en 2010, j\u2019ai ouvert un cabinet en <strong>orthop\u00e9dagogie<\/strong> o\u00f9 je travaille en individuel et en petits groupes aupr\u00e8s de personnes de 6 \u00e0 83 ans \u00e0 ce jour.<br>L&rsquo;int\u00e9r\u00eat majeur du m\u00e9tier d\u2019orthop\u00e9dagogue (m\u00e9tier reconnu au Qu\u00e9bec et en Belgique) r\u00e9side dans le fait de consid\u00e9rer chacun dans les sp\u00e9cificit\u00e9s fines de son fonctionnement cognitif et de sa personne. Cette individualisation est le gage d\u2019un travail p\u00e9renne et de qualit\u00e9.<\/p>\n\n\n\n<p class=\"has-ast-global-color-0-color has-text-color\">Ce qui fait sens et m\u2019anime, c\u2019est d\u2019aider chacun \u00e0 d\u00e9couvrir ses potentiels, les explorer, les d\u00e9velopper pour b\u00e9n\u00e9ficier d\u2019une scolarit\u00e9 sereine voire enthousiasmante. <br>Et, pour approfondir ma d\u00e9marche d\u2019aide, j\u2019ai d\u00e9cid\u00e9 en 2018 de me former \u00e0 <strong>l\u2019hypnose Ericksonienne<\/strong> et de me sp\u00e9cialiser en hypnose pour enfants et adolescents, ce qui me passionne litt\u00e9ralement. Chemin faisant, j&rsquo;ai enrichi et adapt\u00e9 plus encore mon approche th\u00e9rapeutique aux jeunes par des techniques plus ludiques et encore plus respectueuses de leurs jeunes \u00e2ges.<\/p>\n\n\n\n<p class=\"has-ast-global-color-0-color has-text-color\">&nbsp;Lien vers mon site en hypnose pour enfants, adolescents et jeunes adultes <a href=\"http:\/\/hypnose-enfants-ados-lyon.fr\">http:\/\/hypnose-enfants-ados-lyon.fr<\/a><\/p>\n\n\n\n<p class=\"has-ast-global-color-0-color has-text-color\">Mes activit\u00e9s professionnelles demandent du temps mais j\u2019en prends aussi pour pratiquer un art martial interne depuis longtemps, courir et faire de la randonn\u00e9e aussi souvent que possible. Je lis beaucoup, par go\u00fbt et par n\u00e9cessit\u00e9, notamment pour r\u00e9actualiser mes connaissances en neurosciences, en p\u00e9dagogie, en psychologie.<\/p>\n<\/div>\n<\/div><\/div>\n<\/div>\n<\/div>\n<\/div>\n","protected":false},"excerpt":{"rendered":"<p>Bienvenue sur mon site, je suis Christelle FIRMIS.J&rsquo;accompagne votre fils, fille ou vous-m\u00eame:m\u00e9thodes de travail, strat\u00e9gies d&rsquo;apprentissage, rem\u00e9diation, soutien \u00e0 la compr\u00e9hension par mati\u00e8re. M\u00e9thodologie et organisation des apprentissages,Accompagnement scolaire,Coaching \u00e9tudiant post-bac, Travailler sur la motivation et la pers\u00e9v\u00e9rance. Prises en charge sp\u00e9cifiques des HPI (Hauts Potentiels Intellectuels homog\u00e8nes ou h\u00e9t\u00e9rog\u00e8nes), \u00ab dys \u00bb , [&hellip;]<\/p>\n","protected":false},"author":1,"featured_media":0,"parent":0,"menu_order":0,"comment_status":"closed","ping_status":"closed","template":"","meta":{"site-sidebar-layout":"default","site-content-layout":"","ast-site-content-layout":"default","site-content-style":"default","site-sidebar-style":"default","ast-global-header-display":"","ast-banner-title-visibility":"","ast-main-header-display":"","ast-hfb-above-header-display":"","ast-hfb-below-header-display":"","ast-hfb-mobile-header-display":"","site-post-title":"disabled","ast-breadcrumbs-content":"","ast-featured-img":"","footer-sml-layout":"","ast-disable-related-posts":"","theme-transparent-header-meta":"","adv-header-id-meta":"","stick-header-meta":"","header-above-stick-meta":"","header-main-stick-meta":"","header-below-stick-meta":"","astra-migrate-meta-layouts":"set","ast-page-background-enabled":"default","ast-page-background-meta":{"desktop":{"background-color":"var(--ast-global-color-4)","background-image":"","background-repeat":"repeat","background-position":"center center","background-size":"auto","background-attachment":"scroll","background-type":"","background-media":"","overlay-type":"","overlay-color":"","overlay-opacity":"","overlay-gradient":""},"tablet":{"background-color":"","background-image":"","background-repeat":"repeat","background-position":"center center","background-size":"auto","background-attachment":"scroll","background-type":"","background-media":"","overlay-type":"","overlay-color":"","overlay-opacity":"","overlay-gradient":""},"mobile":{"background-color":"","background-image":"","background-repeat":"repeat","background-position":"center center","background-size":"auto","background-attachment":"scroll","background-type":"","background-media":"","overlay-type":"","overlay-color":"","overlay-opacity":"","overlay-gradient":""}},"ast-content-background-meta":{"desktop":{"background-color":"var(--ast-global-color-5)","background-image":"","background-repeat":"repeat","background-position":"center center","background-size":"auto","background-attachment":"scroll","background-type":"","background-media":"","overlay-type":"","overlay-color":"","overlay-opacity":"","overlay-gradient":""},"tablet":{"background-color":"var(--ast-global-color-5)","background-image":"","background-repeat":"repeat","background-position":"center center","background-size":"auto","background-attachment":"scroll","background-type":"","background-media":"","overlay-type":"","overlay-color":"","overlay-opacity":"","overlay-gradient":""},"mobile":{"background-color":"var(--ast-global-color-5)","background-image":"","background-repeat":"repeat","background-position":"center center","background-size":"auto","background-attachment":"scroll","background-type":"","background-media":"","overlay-type":"","overlay-color":"","overlay-opacity":"","overlay-gradient":""}},"footnotes":""},"class_list":["post-4","page","type-page","status-publish","hentry"],"_links":{"self":[{"href":"https:\/\/orthopedagogue.eu\/index.php?rest_route=\/wp\/v2\/pages\/4","targetHints":{"allow":["GET"]}}],"collection":[{"href":"https:\/\/orthopedagogue.eu\/index.php?rest_route=\/wp\/v2\/pages"}],"about":[{"href":"https:\/\/orthopedagogue.eu\/index.php?rest_route=\/wp\/v2\/types\/page"}],"author":[{"embeddable":true,"href":"https:\/\/orthopedagogue.eu\/index.php?rest_route=\/wp\/v2\/users\/1"}],"replies":[{"embeddable":true,"href":"https:\/\/orthopedagogue.eu\/index.php?rest_route=%2Fwp%2Fv2%2Fcomments&post=4"}],"version-history":[{"count":36,"href":"https:\/\/orthopedagogue.eu\/index.php?rest_route=\/wp\/v2\/pages\/4\/revisions"}],"predecessor-version":[{"id":225,"href":"https:\/\/orthopedagogue.eu\/index.php?rest_route=\/wp\/v2\/pages\/4\/revisions\/225"}],"wp:attachment":[{"href":"https:\/\/orthopedagogue.eu\/index.php?rest_route=%2Fwp%2Fv2%2Fmedia&parent=4"}],"curies":[{"name":"wp","href":"https:\/\/api.w.org\/{rel}","templated":true}]}}