{"id":28,"date":"2022-10-15T13:52:27","date_gmt":"2022-10-15T13:52:27","guid":{"rendered":"http:\/\/orthopedagogue.eu\/?page_id=28"},"modified":"2022-10-24T17:58:59","modified_gmt":"2022-10-24T17:58:59","slug":"phobie-anxiete","status":"publish","type":"page","link":"https:\/\/orthopedagogue.eu\/?page_id=28","title":{"rendered":"Phobies, anxi\u00e9t\u00e9s"},"content":{"rendered":"\n<h1 class=\"has-black-color has-text-color wp-block-heading\"><strong>Phobies scolaires, anxi\u00e9t\u00e9s, anxi\u00e9t\u00e9 de performance :<\/strong><\/h1>\n\n\n\n<figure class=\"wp-block-image alignright size-full is-resized\"><img loading=\"lazy\" decoding=\"async\" src=\"https:\/\/orthopedagogue.eu\/wp-content\/uploads\/2022\/10\/connaistoi.png\" alt=\"\" class=\"wp-image-100\" width=\"54\" height=\"58\"\/><\/figure>\n\n\n\n<p class=\"has-black-color has-text-color\">Je travaille sur les diff\u00e9rentes formes d&rsquo;anxi\u00e9t\u00e9s et de phobies, notamment l&rsquo;anxi\u00e9t\u00e9 de performance et les phobies scolaires. <br>Vous pouvez vous rendre sur mon site consacr\u00e9 \u00e0 ma pratique de l&rsquo;hypnose \u00e9ricksonienne. Je suis sp\u00e9cialis\u00e9e dans les suivis des enfants, adolescents et jeunes adultes.<\/p>\n\n\n\n<p><a href=\"https:\/\/www.hypnose-enfants-ados-lyon.fr\/\">Lien vers mon site en hypnose po<\/a><a href=\"https:\/\/www.hypnose-enfants-ados-lyon.fr\/\" target=\"_blank\" rel=\"noreferrer noopener\">ur enfants, adolescents et jeunes adult<\/a><a href=\"https:\/\/www.hypnose-enfants-ados-lyon.fr\/\">es<\/a><\/p>\n","protected":false},"excerpt":{"rendered":"<p>Phobies scolaires, anxi\u00e9t\u00e9s, anxi\u00e9t\u00e9 de performance : Je travaille sur les diff\u00e9rentes formes d&rsquo;anxi\u00e9t\u00e9s et de phobies, notamment l&rsquo;anxi\u00e9t\u00e9 de performance et les phobies scolaires. Vous pouvez vous rendre sur mon site consacr\u00e9 \u00e0 ma pratique de l&rsquo;hypnose \u00e9ricksonienne. Je suis sp\u00e9cialis\u00e9e dans les suivis des enfants, adolescents et jeunes adultes. Lien vers mon site [&hellip;]<\/p>\n","protected":false},"author":1,"featured_media":0,"parent":0,"menu_order":0,"comment_status":"closed","ping_status":"closed","template":"","meta":{"site-sidebar-layout":"default","site-content-layout":"","ast-site-content-layout":"default","site-content-style":"default","site-sidebar-style":"default","ast-global-header-display":"","ast-banner-title-visibility":"","ast-main-header-display":"","ast-hfb-above-header-display":"","ast-hfb-below-header-display":"","ast-hfb-mobile-header-display":"","site-post-title":"disabled","ast-breadcrumbs-content":"","ast-featured-img":"","footer-sml-layout":"","ast-disable-related-posts":"","theme-transparent-header-meta":"","adv-header-id-meta":"","stick-header-meta":"","header-above-stick-meta":"","header-main-stick-meta":"","header-below-stick-meta":"","astra-migrate-meta-layouts":"default","ast-page-background-enabled":"default","ast-page-background-meta":{"desktop":{"background-color":"var(--ast-global-color-4)","background-image":"","background-repeat":"repeat","background-position":"center center","background-size":"auto","background-attachment":"scroll","background-type":"","background-media":"","overlay-type":"","overlay-color":"","overlay-opacity":"","overlay-gradient":""},"tablet":{"background-color":"","background-image":"","background-repeat":"repeat","background-position":"center center","background-size":"auto","background-attachment":"scroll","background-type":"","background-media":"","overlay-type":"","overlay-color":"","overlay-opacity":"","overlay-gradient":""},"mobile":{"background-color":"","background-image":"","background-repeat":"repeat","background-position":"center center","background-size":"auto","background-attachment":"scroll","background-type":"","background-media":"","overlay-type":"","overlay-color":"","overlay-opacity":"","overlay-gradient":""}},"ast-content-background-meta":{"desktop":{"background-color":"var(--ast-global-color-5)","background-image":"","background-repeat":"repeat","background-position":"center center","background-size":"auto","background-attachment":"scroll","background-type":"","background-media":"","overlay-type":"","overlay-color":"","overlay-opacity":"","overlay-gradient":""},"tablet":{"background-color":"var(--ast-global-color-5)","background-image":"","background-repeat":"repeat","background-position":"center center","background-size":"auto","background-attachment":"scroll","background-type":"","background-media":"","overlay-type":"","overlay-color":"","overlay-opacity":"","overlay-gradient":""},"mobile":{"background-color":"var(--ast-global-color-5)","background-image":"","background-repeat":"repeat","background-position":"center center","background-size":"auto","background-attachment":"scroll","background-type":"","background-media":"","overlay-type":"","overlay-color":"","overlay-opacity":"","overlay-gradient":""}},"footnotes":""},"class_list":["post-28","page","type-page","status-publish","hentry"],"_links":{"self":[{"href":"https:\/\/orthopedagogue.eu\/index.php?rest_route=\/wp\/v2\/pages\/28","targetHints":{"allow":["GET"]}}],"collection":[{"href":"https:\/\/orthopedagogue.eu\/index.php?rest_route=\/wp\/v2\/pages"}],"about":[{"href":"https:\/\/orthopedagogue.eu\/index.php?rest_route=\/wp\/v2\/types\/page"}],"author":[{"embeddable":true,"href":"https:\/\/orthopedagogue.eu\/index.php?rest_route=\/wp\/v2\/users\/1"}],"replies":[{"embeddable":true,"href":"https:\/\/orthopedagogue.eu\/index.php?rest_route=%2Fwp%2Fv2%2Fcomments&post=28"}],"version-history":[{"count":13,"href":"https:\/\/orthopedagogue.eu\/index.php?rest_route=\/wp\/v2\/pages\/28\/revisions"}],"predecessor-version":[{"id":165,"href":"https:\/\/orthopedagogue.eu\/index.php?rest_route=\/wp\/v2\/pages\/28\/revisions\/165"}],"wp:attachment":[{"href":"https:\/\/orthopedagogue.eu\/index.php?rest_route=%2Fwp%2Fv2%2Fmedia&parent=28"}],"curies":[{"name":"wp","href":"https:\/\/api.w.org\/{rel}","templated":true}]}}