{"id":26,"date":"2022-10-15T13:52:27","date_gmt":"2022-10-15T13:52:27","guid":{"rendered":"http:\/\/orthopedagogue.eu\/?page_id=26"},"modified":"2022-10-15T19:47:27","modified_gmt":"2022-10-15T19:47:27","slug":"temoignages","status":"publish","type":"page","link":"https:\/\/orthopedagogue.eu\/?page_id=26","title":{"rendered":"T\u00e9moignages"},"content":{"rendered":"\n<h1 class=\"wp-block-heading\"><strong>T\u00e9moignages<\/strong><\/h1>\n\n\n\n<p><\/p>\n\n\n\n<p class=\"has-black-color has-text-color\">Je travaille par le bouche \u00e0 oreille depuis plus de dix ans, je n\u2019avais pas pens\u00e9 faire un onglet \u00ab T\u00e9moignages \u00bb puisque les personnes qui me contactent connaissent ma pratique. En voici quelques uns\u2026<\/p>\n\n\n\n<pre class=\"wp-block-preformatted\">\u00ab J\u2019ai connu Christelle lors de ma 4\u00e8me, gr\u00e2ce \u00e0 Mme D. une intervenante dans mon lyc\u00e9e. J\u2019avais des probl\u00e8mes d\u2019apprentissage, en r\u00e9alit\u00e9 il me manquait une m\u00e9thode de travail. Mais j\u2019avais aussi besoin d\u2019un accompagnement en plus de ma scolarit\u00e9 et surtout d\u2019une personne de confiance. Christelle a \u00e9t\u00e9 la personne qui m\u2019a donn\u00e9 les cl\u00e9s pour r\u00e9ussir. Son enseignement m\u2019a enrichi et m\u2019a permis d\u2019\u00eatre actuellement en 3\u00e8me ann\u00e9e de droit. Aujourd\u2019hui je ne pourrai envisager mes \u00e9tudes sup\u00e9rieures sans sa bienveillance et son \u00e9coute. Au fil du temps j\u2019ai nou\u00e9 avec elle une belle relaDon de travail mais aussi une relaDon de partage. Elle a \u00e9t\u00e9 pr\u00e9sente pour m\u2019aider \u00e0 faire des choix notamment au moment de passer en premi\u00e8re S mais surtout en fin de terminale quand j\u2019ai fait le pari de rentrer \u00e0 la fac de droit. Actuellement je suis \u00e0 la veille de mes choix de masters et sa pr\u00e9sence m\u2019est indispensable. Je la remercie d\u2019\u00eatre rentr\u00e9e dans ma vie et de m\u2019accompagner quand j\u2019en ai besoin, l\u2019enseignement n\u2019est jamais termin\u00e9 j\u2019aurai toujours des choses \u00e0 apprendre de sa part. Apr\u00e8s 7 ans de travail ensemble je suis aujourd\u2019hui sur le point d\u2019\u00eatre une adulte, en regardant le chemin parcouru depuis mes 14 ans je suis remplie de fiert\u00e9 et ce gr\u00e2ce \u00e0 elle. \u00bb \nEmma<\/pre>\n\n\n\n<pre class=\"wp-block-preformatted\">\u00ab Non, je ne crois pas aux miracles et Christelle n\u2019est pas magicienne mais ...Mais elle a relev\u00e9 et gagn\u00e9 un d\u00e9fi qui nous occupait (et nous tourmentait) depuis plusieurs ann\u00e9es : (re)donner la motivation et le go\u00fbt des apprentissages scolaires \u00e0 notre fils qui nourrissait et cultivait un d\u00e9go\u00fbt, assum\u00e9 voire revendiqu\u00e9, de l\u2019\u00e9cole depuis ... la maternelle! Nous avons consult\u00e9 Christelle sur recommandation d\u2019une personne de notre entourage.Experte dans diff\u00e9rentes m\u00e9thodes d\u2019apprentissages scolaires et totalement au fait des programmes et attentes des professeurs, Christelle est aussi et avant tout une fine psychologue, capable d\u2019appr\u00e9hender l\u2019individu dans toute sa complexit\u00e9.Elle a su non seulement permettre \u00e0 notre fils d\u2019obtenir de bien meilleurs r\u00e9sultats scolaires mais elle lui aussi insuffl\u00e9 le sentiment qu\u2019il \u00e9tait capable d\u2019y arriver, qu\u2019il avait des comp\u00e9tences et portait en lui tout le n\u00e9cessaire pour r\u00e9ussir. R. avait 13 ans \u00e9tait en fin de 4eme et oscillait entre 6 et 8 de moyenne lorsque nous avons consult\u00e9 Christelle. Il est d\u00e9sormais en 2de et une petite ann\u00e9e de suivi, \u00e0 peine, lui a permis d\u2019obtenir son brevet avec mention bien et de faire une 3eme avec un bon 12 de moyenne g\u00e9n\u00e9rale durant toute l\u2019ann\u00e9e; un niveau qu\u2019il maintient et qui m\u00eame progresse au lyc\u00e9e. Et surtout, R. a compris son fonctionnement propre : comment apprendre, s\u2019organiser et optimiser son travail. Il n\u2019adore pas l\u2019\u00e9cole mais a suffisamment travaill\u00e9 sur lui pour comprendre que d\u2019une part il n\u2019\u00e9tait pas vou\u00e9 \u00e0 l\u2019\u00e9chec et que la posture \u00ab je m\u2019en fiche d\u2019\u00eatre un \u00ab cancre \u00bb; \u00ab m\u00eame pas mal \u00bb \u00bb n\u2019\u00e9tait pas constructive voire douloureuse et d\u2019autre part il a parfaitement int\u00e9gr\u00e9 les enjeux de l\u2019\u00e9cole et la n\u00e9cessit\u00e9 d\u2019assurer un niveau qui lui permette d\u2019avoir le choix; le choix des \u00e9tudes et du m\u00e9tier qu\u2019il souhaitera exercer plus tard.Je passe \u00e0 mon tour le flambeau et ai maintes fois recommand\u00e9 Christelle \u00e0 des personnes de mon entourage dans des situations similaires mais aussi bien diff\u00e9rentes et je n\u2019ai recueilli que des mercis.\nMerci Christelle! \u00bb\nNo\u00e9mie G<\/pre>\n\n\n\n<pre class=\"wp-block-preformatted\">\u00ab Bonjour \u00e0 tous,Nous souhaitons infiniment remercier Christelle Firmis pour son travail d\u2019accompagnement et sa g\u00e9n\u00e9rosit\u00e9 d\u2019esprit qui ont permis \u00e0 notre fils il y a quelques ann\u00e9es de croire \u00e0 nouveau en lui et de reprendre le chemin de la r\u00e9ussite. Pour la petite histoire: notre fils \u00e9tait en 4\u00e8me et rencontrait depuis la petite section des troubles de l\u2019apprentissage. Il avait des probl\u00e8mes de lenteur dans l\u2019apprentissage et ne comprenait, ne retenait pas ou peu les consignes de travail en classe et \u00e0 la maison. Il avait vu plusieurs sp\u00e9cialistes: orthoponiste, orthoptiste, psychomotricien, ... mais les difficult\u00e9s persistaient et nous voyions avec tristesse notre fils se fatiguer \u00e0 la t\u00e2che et ne plus avoir confiance en lui d\u2019ann\u00e9e en ann\u00e9e: il \u00e9tait malheureux, persuad\u00e9 d\u2019\u00eatre diff\u00e9rent des autres, de ne pas \u00eatre \u00abnormal\u00bb.... Nous \u00e9tions d\u00e9sempar\u00e9s et ne savions plus quoi faire.Cette ann\u00e9e-l\u00e0, nous avons entendu parler de Christelle FIRMIS, orthop\u00e9dagogue par le biais d\u2019une amie commune. Nous ne connaissions pas le m\u00e9tier d\u2019orthop\u00e9dagogue.Lors du premier RV Christelle Firmis a fait un bilan complet avec notre fils et nous a fait un compte-rendu tr\u00e8s clair le RV suivant avec une proposition d\u2019accompagnement de notre fils une fois par semaine \u00e0 raison 45min\/semaine. Elle n\u2019a jamais pouss\u00e9 \u00e0 la consommation. L\u2019accompagnement a dur\u00e9 pr\u00e8s d\u2019un an. Seule condition de r\u00e9sultats positifs \u00e0 cet accompagnement: c\u2019est que notre fils soit volontaire.Rien n\u2019\u00e9tait gagn\u00e9 mais gr\u00e2ce \u00e0 sa volont\u00e9 et au travail avec Christelle Firmis, notre fils a regagn\u00e9 peu \u00e0 peu confiance en lui, a int\u00e9gr\u00e9 la m\u00e9thode d\u2019apprentissage qui est devenue une gymnastique quotidienne.Il s\u2019est accroch\u00e9 et au final apr\u00e8s cet accompagnement a progress\u00e9 d\u2019ann\u00e9e en ann\u00e9e.Les m\u00e9thodes d\u2019apprentissage mises en place par Christelle FIRMIS lui donnait du travail suppl\u00e9mentaire au quotidien mais il \u00e9tait volontaire et tr\u00e8s d\u00e9sireux de s\u2019en sortir. Le pari \u00e9tait gagn\u00e9!Depuis son accompagnement il a \u00e9t\u00e9 en constante progression. D\u2019ailleurs, cette ann\u00e9e, il suit un Master 1 Finances \u00e0 Lyon 2 et souhaite faire de longues \u00e9tudes, d\u00e9sireux de s\u2019\u00e9lever toujours plus et ce dans plusieurs domaines.\u00bb\nFlorence L.<\/pre>\n\n\n\n<pre class=\"wp-block-preformatted\">\u00ab Christelle a accompagn\u00e9 dans sa scolarit\u00e9 ma fille, en classe de 3\u00e8me puis en d\u00e9but de 2nde, sur un total de dix s\u00e9ances hebdomadaires. L'objectif \u00e9tait d'apporter \u00e0 ma fille de la m\u00e9thode et de l'organisation dans ses apprentissages, mais \u00e9galement de lui permettre de mieux appr\u00e9hender son fonctionnement et les outils que cette derni\u00e8re pouvait mettre en place pour \u00eatre plus efficace dans la m\u00e9morisation de ses le\u00e7ons.Ma fille s'est prise \"au jeu\" et s'est rapidement appropri\u00e9 les outils propos\u00e9s par Christelle... Elle a acquis une maturit\u00e9 sur l'analyse de ses fragilit\u00e9s, et travaill\u00e9 d'elle-m\u00eame \u00e0 les renforcer. Et tout cela, sans mon intervention ! Elle semblait prendre plaisir \u00e0 ces rendez-vous r\u00e9guliers... et fi\u00e8re de partager ses progr\u00e8s, qui ont \u00e9t\u00e9 impressionnants, dans un temps si court.Nul doute que je solliciterai Christelle dans quelques temps pour son jeune. \u00bb\nSonia F.<\/pre>\n","protected":false},"excerpt":{"rendered":"<p>T\u00e9moignages Je travaille par le bouche \u00e0 oreille depuis plus de dix ans, je n\u2019avais pas pens\u00e9 faire un onglet \u00ab T\u00e9moignages \u00bb puisque les personnes qui me contactent connaissent ma pratique. En voici quelques uns\u2026 \u00ab J\u2019ai connu Christelle lors de ma 4\u00e8me, gr\u00e2ce \u00e0 Mme D. une intervenante dans mon lyc\u00e9e. J\u2019avais des [&hellip;]<\/p>\n","protected":false},"author":1,"featured_media":0,"parent":0,"menu_order":0,"comment_status":"closed","ping_status":"closed","template":"","meta":{"site-sidebar-layout":"default","site-content-layout":"","ast-site-content-layout":"default","site-content-style":"default","site-sidebar-style":"default","ast-global-header-display":"","ast-banner-title-visibility":"","ast-main-header-display":"","ast-hfb-above-header-display":"","ast-hfb-below-header-display":"","ast-hfb-mobile-header-display":"","site-post-title":"disabled","ast-breadcrumbs-content":"","ast-featured-img":"","footer-sml-layout":"","ast-disable-related-posts":"","theme-transparent-header-meta":"","adv-header-id-meta":"","stick-header-meta":"","header-above-stick-meta":"","header-main-stick-meta":"","header-below-stick-meta":"","astra-migrate-meta-layouts":"default","ast-page-background-enabled":"default","ast-page-background-meta":{"desktop":{"background-color":"var(--ast-global-color-4)","background-image":"","background-repeat":"repeat","background-position":"center center","background-size":"auto","background-attachment":"scroll","background-type":"","background-media":"","overlay-type":"","overlay-color":"","overlay-opacity":"","overlay-gradient":""},"tablet":{"background-color":"","background-image":"","background-repeat":"repeat","background-position":"center center","background-size":"auto","background-attachment":"scroll","background-type":"","background-media":"","overlay-type":"","overlay-color":"","overlay-opacity":"","overlay-gradient":""},"mobile":{"background-color":"","background-image":"","background-repeat":"repeat","background-position":"center center","background-size":"auto","background-attachment":"scroll","background-type":"","background-media":"","overlay-type":"","overlay-color":"","overlay-opacity":"","overlay-gradient":""}},"ast-content-background-meta":{"desktop":{"background-color":"var(--ast-global-color-5)","background-image":"","background-repeat":"repeat","background-position":"center center","background-size":"auto","background-attachment":"scroll","background-type":"","background-media":"","overlay-type":"","overlay-color":"","overlay-opacity":"","overlay-gradient":""},"tablet":{"background-color":"var(--ast-global-color-5)","background-image":"","background-repeat":"repeat","background-position":"center center","background-size":"auto","background-attachment":"scroll","background-type":"","background-media":"","overlay-type":"","overlay-color":"","overlay-opacity":"","overlay-gradient":""},"mobile":{"background-color":"var(--ast-global-color-5)","background-image":"","background-repeat":"repeat","background-position":"center center","background-size":"auto","background-attachment":"scroll","background-type":"","background-media":"","overlay-type":"","overlay-color":"","overlay-opacity":"","overlay-gradient":""}},"footnotes":""},"class_list":["post-26","page","type-page","status-publish","hentry"],"_links":{"self":[{"href":"https:\/\/orthopedagogue.eu\/index.php?rest_route=\/wp\/v2\/pages\/26","targetHints":{"allow":["GET"]}}],"collection":[{"href":"https:\/\/orthopedagogue.eu\/index.php?rest_route=\/wp\/v2\/pages"}],"about":[{"href":"https:\/\/orthopedagogue.eu\/index.php?rest_route=\/wp\/v2\/types\/page"}],"author":[{"embeddable":true,"href":"https:\/\/orthopedagogue.eu\/index.php?rest_route=\/wp\/v2\/users\/1"}],"replies":[{"embeddable":true,"href":"https:\/\/orthopedagogue.eu\/index.php?rest_route=%2Fwp%2Fv2%2Fcomments&post=26"}],"version-history":[{"count":5,"href":"https:\/\/orthopedagogue.eu\/index.php?rest_route=\/wp\/v2\/pages\/26\/revisions"}],"predecessor-version":[{"id":91,"href":"https:\/\/orthopedagogue.eu\/index.php?rest_route=\/wp\/v2\/pages\/26\/revisions\/91"}],"wp:attachment":[{"href":"https:\/\/orthopedagogue.eu\/index.php?rest_route=%2Fwp%2Fv2%2Fmedia&parent=26"}],"curies":[{"name":"wp","href":"https:\/\/api.w.org\/{rel}","templated":true}]}}