{"id":17,"date":"2022-10-15T13:48:30","date_gmt":"2022-10-15T13:48:30","guid":{"rendered":"http:\/\/orthopedagogue.eu\/?page_id=17"},"modified":"2025-09-25T14:36:15","modified_gmt":"2025-09-25T14:36:15","slug":"infos-pratiques-et-tarifs","status":"publish","type":"page","link":"https:\/\/orthopedagogue.eu\/?page_id=17","title":{"rendered":"Infos pratiques et tarifs"},"content":{"rendered":"\n<div class=\"wp-block-columns is-layout-flex wp-container-core-columns-is-layout-28f84493 wp-block-columns-is-layout-flex\">\n<div class=\"wp-block-column is-layout-flow wp-block-column-is-layout-flow\" style=\"flex-basis:50%\">\n<figure class=\"wp-block-image size-full\"><img loading=\"lazy\" decoding=\"async\" width=\"1600\" height=\"1200\" src=\"https:\/\/orthopedagogue.eu\/wp-content\/uploads\/2025\/09\/CF1-1.jpg\" alt=\"\" class=\"wp-image-227\" srcset=\"https:\/\/orthopedagogue.eu\/wp-content\/uploads\/2025\/09\/CF1-1.jpg 1600w, https:\/\/orthopedagogue.eu\/wp-content\/uploads\/2025\/09\/CF1-1-300x225.jpg 300w, https:\/\/orthopedagogue.eu\/wp-content\/uploads\/2025\/09\/CF1-1-1024x768.jpg 1024w, https:\/\/orthopedagogue.eu\/wp-content\/uploads\/2025\/09\/CF1-1-768x576.jpg 768w, https:\/\/orthopedagogue.eu\/wp-content\/uploads\/2025\/09\/CF1-1-1536x1152.jpg 1536w\" sizes=\"auto, (max-width: 1600px) 100vw, 1600px\" \/><\/figure>\n\n\n\n<figure class=\"wp-block-image size-large\"><img loading=\"lazy\" decoding=\"async\" width=\"1024\" height=\"768\" src=\"https:\/\/orthopedagogue.eu\/wp-content\/uploads\/2025\/09\/CF2-1024x768.jpg\" alt=\"\" class=\"wp-image-229\" srcset=\"https:\/\/orthopedagogue.eu\/wp-content\/uploads\/2025\/09\/CF2-1024x768.jpg 1024w, https:\/\/orthopedagogue.eu\/wp-content\/uploads\/2025\/09\/CF2-300x225.jpg 300w, https:\/\/orthopedagogue.eu\/wp-content\/uploads\/2025\/09\/CF2-768x576.jpg 768w, https:\/\/orthopedagogue.eu\/wp-content\/uploads\/2025\/09\/CF2-1536x1152.jpg 1536w, https:\/\/orthopedagogue.eu\/wp-content\/uploads\/2025\/09\/CF2.jpg 1600w\" sizes=\"auto, (max-width: 1024px) 100vw, 1024px\" \/><\/figure>\n<\/div>\n\n\n\n<div class=\"wp-block-column is-layout-flow wp-block-column-is-layout-flow\" style=\"flex-basis:50%\">\n<h3 class=\"wp-block-heading\">\u2022 Tarifs orthop\u00e9dagogie (en pr\u00e9sentiel ou en distanciel):<\/h3>\n\n\n\n<p><strong>Tarifs orthop\u00e9dagogie:<\/strong><br>Enfants, ados, adultes \u2192 55\u20ac par s\u00e9ance pour les huit premi\u00e8res <br>puis 45\u20ac \u00e0 partir de la neuvi\u00e8me.<\/p>\n\n\n\n<p>N&rsquo;h\u00e9sitez pas \u00e0 me contacter si vous avez des questions, si vous souhaitez \u00e9changer avec moi pour savoir si mon accompagnement correspond \u00e0 votre demande. <br>Par t\u00e9l\u00e9phone ou m\u00eame par sms (pour \u00e9viter que votre message ne reste dans les spams).<\/p>\n\n\n\n<p>R\u00e8glement par ch\u00e8que ou esp\u00e8ces.<br>Une s\u00e9ance vous engage : toute s\u00e9ance non d\u00e9command\u00e9e 48h \u00e0 l\u2019avance est due.<\/p>\n\n\n\n<h3 class=\"wp-block-heading\">Adresse du cabinet<\/h3>\n\n\n\n<p id=\"block-d5ca361b-dfcf-41fe-8c0e-79542c208b8c\">10, Grande rue de la Croix-Rousse LYON 69004<\/p>\n\n\n\n<h3 class=\"wp-block-heading\">M\u00e9tro C<\/h3>\n\n\n\n<p>Arr\u00eat Croix-Rousse (3 min), direction Caluire.<\/p>\n\n\n\n<h3 class=\"wp-block-heading\">Le bus<\/h3>\n\n\n\n<p>45, C13<\/p>\n\n\n\n<h3 class=\"wp-block-heading\">Le v\u00e9lov\u2019<\/h3>\n\n\n\n<p>Bornes Velov\u2019 disponibles sur la place de la Croix-Rousse.<br><\/p>\n\n\n\n<h3 class=\"wp-block-heading\">La voiture<\/h3>\n\n\n\n<p>\u2192 LPA Parking du Gros Caillou (5min \u00e0 pied)<br>Entr\u00e9e des v\u00e9hicules : 167 bis boulevard de la Croix-Rousse, 69004 Lyon<br><\/p>\n<\/div>\n<\/div>\n","protected":false},"excerpt":{"rendered":"<p>\u2022 Tarifs orthop\u00e9dagogie (en pr\u00e9sentiel ou en distanciel): Tarifs orthop\u00e9dagogie:Enfants, ados, adultes \u2192 55\u20ac par s\u00e9ance pour les huit premi\u00e8res puis 45\u20ac \u00e0 partir de la neuvi\u00e8me. N&rsquo;h\u00e9sitez pas \u00e0 me contacter si vous avez des questions, si vous souhaitez \u00e9changer avec moi pour savoir si mon accompagnement correspond \u00e0 votre demande. Par t\u00e9l\u00e9phone ou [&hellip;]<\/p>\n","protected":false},"author":1,"featured_media":0,"parent":0,"menu_order":0,"comment_status":"closed","ping_status":"closed","template":"","meta":{"site-sidebar-layout":"default","site-content-layout":"","ast-site-content-layout":"default","site-content-style":"default","site-sidebar-style":"default","ast-global-header-display":"","ast-banner-title-visibility":"","ast-main-header-display":"","ast-hfb-above-header-display":"","ast-hfb-below-header-display":"","ast-hfb-mobile-header-display":"","site-post-title":"disabled","ast-breadcrumbs-content":"","ast-featured-img":"","footer-sml-layout":"","ast-disable-related-posts":"","theme-transparent-header-meta":"","adv-header-id-meta":"","stick-header-meta":"","header-above-stick-meta":"","header-main-stick-meta":"","header-below-stick-meta":"","astra-migrate-meta-layouts":"set","ast-page-background-enabled":"default","ast-page-background-meta":{"desktop":{"background-color":"var(--ast-global-color-4)","background-image":"","background-repeat":"repeat","background-position":"center center","background-size":"auto","background-attachment":"scroll","background-type":"","background-media":"","overlay-type":"","overlay-color":"","overlay-opacity":"","overlay-gradient":""},"tablet":{"background-color":"","background-image":"","background-repeat":"repeat","background-position":"center center","background-size":"auto","background-attachment":"scroll","background-type":"","background-media":"","overlay-type":"","overlay-color":"","overlay-opacity":"","overlay-gradient":""},"mobile":{"background-color":"","background-image":"","background-repeat":"repeat","background-position":"center center","background-size":"auto","background-attachment":"scroll","background-type":"","background-media":"","overlay-type":"","overlay-color":"","overlay-opacity":"","overlay-gradient":""}},"ast-content-background-meta":{"desktop":{"background-color":"var(--ast-global-color-5)","background-image":"","background-repeat":"repeat","background-position":"center center","background-size":"auto","background-attachment":"scroll","background-type":"","background-media":"","overlay-type":"","overlay-color":"","overlay-opacity":"","overlay-gradient":""},"tablet":{"background-color":"var(--ast-global-color-5)","background-image":"","background-repeat":"repeat","background-position":"center center","background-size":"auto","background-attachment":"scroll","background-type":"","background-media":"","overlay-type":"","overlay-color":"","overlay-opacity":"","overlay-gradient":""},"mobile":{"background-color":"var(--ast-global-color-5)","background-image":"","background-repeat":"repeat","background-position":"center center","background-size":"auto","background-attachment":"scroll","background-type":"","background-media":"","overlay-type":"","overlay-color":"","overlay-opacity":"","overlay-gradient":""}},"footnotes":""},"class_list":["post-17","page","type-page","status-publish","hentry"],"_links":{"self":[{"href":"https:\/\/orthopedagogue.eu\/index.php?rest_route=\/wp\/v2\/pages\/17","targetHints":{"allow":["GET"]}}],"collection":[{"href":"https:\/\/orthopedagogue.eu\/index.php?rest_route=\/wp\/v2\/pages"}],"about":[{"href":"https:\/\/orthopedagogue.eu\/index.php?rest_route=\/wp\/v2\/types\/page"}],"author":[{"embeddable":true,"href":"https:\/\/orthopedagogue.eu\/index.php?rest_route=\/wp\/v2\/users\/1"}],"replies":[{"embeddable":true,"href":"https:\/\/orthopedagogue.eu\/index.php?rest_route=%2Fwp%2Fv2%2Fcomments&post=17"}],"version-history":[{"count":11,"href":"https:\/\/orthopedagogue.eu\/index.php?rest_route=\/wp\/v2\/pages\/17\/revisions"}],"predecessor-version":[{"id":232,"href":"https:\/\/orthopedagogue.eu\/index.php?rest_route=\/wp\/v2\/pages\/17\/revisions\/232"}],"wp:attachment":[{"href":"https:\/\/orthopedagogue.eu\/index.php?rest_route=%2Fwp%2Fv2%2Fmedia&parent=17"}],"curies":[{"name":"wp","href":"https:\/\/api.w.org\/{rel}","templated":true}]}}