{"id":119,"date":"2022-10-18T19:24:13","date_gmt":"2022-10-18T19:24:13","guid":{"rendered":"http:\/\/orthopedagogue.eu\/?page_id=119"},"modified":"2022-10-18T20:19:07","modified_gmt":"2022-10-18T20:19:07","slug":"le-cabinet","status":"publish","type":"page","link":"https:\/\/orthopedagogue.eu\/?page_id=119","title":{"rendered":"Le cabinet"},"content":{"rendered":"\n<h2 class=\"wp-block-heading\">Le cabinet<\/h2>\n\n\n\n<p><\/p>\n\n\n\n<p>Ce lieu est l&rsquo;espace du jeune: il exprime ses difficult\u00e9s, ses emp\u00eachements, ses d\u00e9couragements <br>mais aussi son objectif de les traverser et de les transformer.<br>Il en a les ressources mais l&rsquo;ignore peut-\u00eatre. <br><br>Je l&rsquo;aide \u00e0 les (re)trouver pour qu&rsquo;il puisse se sentir \u00e0 l&rsquo;aise dans sa scolarit\u00e9 et ses \u00e9tudes.<br> <\/p>\n","protected":false},"excerpt":{"rendered":"<p>Le cabinet Ce lieu est l&rsquo;espace du jeune: il exprime ses difficult\u00e9s, ses emp\u00eachements, ses d\u00e9couragements mais aussi son objectif de les traverser et de les transformer.Il en a les ressources mais l&rsquo;ignore peut-\u00eatre. Je l&rsquo;aide \u00e0 les (re)trouver pour qu&rsquo;il puisse se sentir \u00e0 l&rsquo;aise dans sa scolarit\u00e9 et ses \u00e9tudes.<\/p>\n","protected":false},"author":1,"featured_media":0,"parent":0,"menu_order":0,"comment_status":"closed","ping_status":"closed","template":"","meta":{"site-sidebar-layout":"default","site-content-layout":"","ast-site-content-layout":"default","site-content-style":"default","site-sidebar-style":"default","ast-global-header-display":"","ast-banner-title-visibility":"","ast-main-header-display":"","ast-hfb-above-header-display":"","ast-hfb-below-header-display":"","ast-hfb-mobile-header-display":"","site-post-title":"disabled","ast-breadcrumbs-content":"","ast-featured-img":"","footer-sml-layout":"","ast-disable-related-posts":"","theme-transparent-header-meta":"","adv-header-id-meta":"","stick-header-meta":"","header-above-stick-meta":"","header-main-stick-meta":"","header-below-stick-meta":"","astra-migrate-meta-layouts":"default","ast-page-background-enabled":"default","ast-page-background-meta":{"desktop":{"background-color":"var(--ast-global-color-4)","background-image":"","background-repeat":"repeat","background-position":"center center","background-size":"auto","background-attachment":"scroll","background-type":"","background-media":"","overlay-type":"","overlay-color":"","overlay-opacity":"","overlay-gradient":""},"tablet":{"background-color":"","background-image":"","background-repeat":"repeat","background-position":"center center","background-size":"auto","background-attachment":"scroll","background-type":"","background-media":"","overlay-type":"","overlay-color":"","overlay-opacity":"","overlay-gradient":""},"mobile":{"background-color":"","background-image":"","background-repeat":"repeat","background-position":"center center","background-size":"auto","background-attachment":"scroll","background-type":"","background-media":"","overlay-type":"","overlay-color":"","overlay-opacity":"","overlay-gradient":""}},"ast-content-background-meta":{"desktop":{"background-color":"var(--ast-global-color-5)","background-image":"","background-repeat":"repeat","background-position":"center center","background-size":"auto","background-attachment":"scroll","background-type":"","background-media":"","overlay-type":"","overlay-color":"","overlay-opacity":"","overlay-gradient":""},"tablet":{"background-color":"var(--ast-global-color-5)","background-image":"","background-repeat":"repeat","background-position":"center center","background-size":"auto","background-attachment":"scroll","background-type":"","background-media":"","overlay-type":"","overlay-color":"","overlay-opacity":"","overlay-gradient":""},"mobile":{"background-color":"var(--ast-global-color-5)","background-image":"","background-repeat":"repeat","background-position":"center center","background-size":"auto","background-attachment":"scroll","background-type":"","background-media":"","overlay-type":"","overlay-color":"","overlay-opacity":"","overlay-gradient":""}},"footnotes":""},"class_list":["post-119","page","type-page","status-publish","hentry"],"_links":{"self":[{"href":"https:\/\/orthopedagogue.eu\/index.php?rest_route=\/wp\/v2\/pages\/119","targetHints":{"allow":["GET"]}}],"collection":[{"href":"https:\/\/orthopedagogue.eu\/index.php?rest_route=\/wp\/v2\/pages"}],"about":[{"href":"https:\/\/orthopedagogue.eu\/index.php?rest_route=\/wp\/v2\/types\/page"}],"author":[{"embeddable":true,"href":"https:\/\/orthopedagogue.eu\/index.php?rest_route=\/wp\/v2\/users\/1"}],"replies":[{"embeddable":true,"href":"https:\/\/orthopedagogue.eu\/index.php?rest_route=%2Fwp%2Fv2%2Fcomments&post=119"}],"version-history":[{"count":4,"href":"https:\/\/orthopedagogue.eu\/index.php?rest_route=\/wp\/v2\/pages\/119\/revisions"}],"predecessor-version":[{"id":145,"href":"https:\/\/orthopedagogue.eu\/index.php?rest_route=\/wp\/v2\/pages\/119\/revisions\/145"}],"wp:attachment":[{"href":"https:\/\/orthopedagogue.eu\/index.php?rest_route=%2Fwp%2Fv2%2Fmedia&parent=119"}],"curies":[{"name":"wp","href":"https:\/\/api.w.org\/{rel}","templated":true}]}}